{"id":1039,"date":"2022-06-15T13:31:55","date_gmt":"2022-06-15T11:31:55","guid":{"rendered":"http:\/\/vlchost.com\/?page_id=1039"},"modified":"2022-07-22T12:26:30","modified_gmt":"2022-07-22T10:26:30","slug":"terminos-condiciones-y-privacidad","status":"publish","type":"page","link":"https:\/\/vlchost.com\/en\/terminos-condiciones-y-privacidad\/","title":{"rendered":"T\u00e9rminos, condiciones y privacidad"},"content":{"rendered":"<div data-elementor-type=\"wp-page\" data-elementor-id=\"1039\" class=\"elementor elementor-1039\" data-elementor-post-type=\"page\">\n\t\t\t\t\t\t<section class=\"elementor-section elementor-top-section elementor-element elementor-element-5ee88923 elementor-section-boxed elementor-section-height-default elementor-section-height-default\" data-id=\"5ee88923\" data-element_type=\"section\">\n\t\t\t\t\t\t<div class=\"elementor-container elementor-column-gap-default\">\n\t\t\t\t\t<div class=\"elementor-column elementor-col-100 elementor-top-column elementor-element elementor-element-23a6c501\" data-id=\"23a6c501\" data-element_type=\"column\">\n\t\t\t<div class=\"elementor-widget-wrap elementor-element-populated\">\n\t\t\t\t\t\t<div class=\"elementor-element elementor-element-52f468cd elementor-widget elementor-widget-text-editor\" data-id=\"52f468cd\" data-element_type=\"widget\" data-widget_type=\"text-editor.default\">\n\t\t\t\t<div class=\"elementor-widget-container\">\n\t\t\t<style>\/*! elementor - v3.19.0 - 28-02-2024 *\/\n.elementor-widget-text-editor.elementor-drop-cap-view-stacked .elementor-drop-cap{background-color:#69727d;color:#fff}.elementor-widget-text-editor.elementor-drop-cap-view-framed .elementor-drop-cap{color:#69727d;border:3px solid;background-color:transparent}.elementor-widget-text-editor:not(.elementor-drop-cap-view-default) .elementor-drop-cap{margin-top:8px}.elementor-widget-text-editor:not(.elementor-drop-cap-view-default) .elementor-drop-cap-letter{width:1em;height:1em}.elementor-widget-text-editor .elementor-drop-cap{float:left;text-align:center;line-height:1;font-size:50px}.elementor-widget-text-editor .elementor-drop-cap-letter{display:inline-block}<\/style>\t\t\t\t<p><!-- wp:heading --><\/p>\n<div class=\"gdlr-core-text-box-item gdlr-core-item-pdlr gdlr-core-item-pdb\">En AR 79 CAPITAL, S.L. nos preocupamos por la privacidad y la transparencia.A continuaci\u00f3n, le indicamos en detalle los tratamientos de datos personales que realizamos, as\u00ed como toda la informaci\u00f3n relativa a los mismos.Tratamiento de los datos de clientes<br \/>\n<table width=\"584\" cellspacing=\"0\" cellpadding=\"1\">\n<tbody>\n<tr>\n<td colspan=\"2\" bgcolor=\"#ffffff\" width=\"580\"><b>Informaci\u00f3n b\u00e1sica sobre Protecci\u00f3n de datos<\/b><\/td>\n<\/tr>\n<tr>\n<td bgcolor=\"#ffffff\" width=\"177\"><b>Responsable:<\/b><\/td>\n<td bgcolor=\"#ffffff\" width=\"401\">AR 79 CAPITAL, S.L.<\/td>\n<\/tr>\n<tr>\n<td bgcolor=\"#ffffff\" width=\"177\"><b>Finalidad:<\/b><\/td>\n<td bgcolor=\"#ffffff\" width=\"401\">Prestar los servicios solicitados y enviar comunicaciones comerciales.<\/td>\n<\/tr>\n<tr>\n<td bgcolor=\"#ffffff\" width=\"177\"><b>Legitimaci\u00f3n:<\/b><\/td>\n<td bgcolor=\"#ffffff\" width=\"401\">Ejecuci\u00f3n de un contrato.Inter\u00e9s leg\u00edtimo del Responsable.<\/td>\n<\/tr>\n<tr>\n<td bgcolor=\"#ffffff\" width=\"177\"><b>Destinatarios:<\/b><\/td>\n<td bgcolor=\"#ffffff\" width=\"401\">Est\u00e1n previstas cesiones de datos a: Asesor jur\u00eddico; Asesor\u00eda fiscal y contable; Entidades financieras.<\/td>\n<\/tr>\n<tr>\n<td bgcolor=\"#ffffff\" width=\"177\"><b>Derechos:<\/b><\/td>\n<td bgcolor=\"#ffffff\" width=\"401\">Tiene derecho a acceder, rectificar y suprimir los datos, as\u00ed como otros derechos, indicados en la informaci\u00f3n adicional, que puede ejercer dirigi\u00e9ndose a reservas@vlcinvest.com o C\/ NATURALISTA RAFAEL CISTERNAS 4 DESPACHO 208 \u2013 46010 \u2013 VALENCIA.<\/td>\n<\/tr>\n<tr>\n<td bgcolor=\"#ffffff\" width=\"177\"><b>Procedencia:<\/b><\/td>\n<td bgcolor=\"#ffffff\" width=\"401\">El propio interesado.<\/td>\n<\/tr>\n<\/tbody>\n<\/table>\n<br \/>Informaci\u00f3n completa sobre Protecci\u00f3n de Datos1. \u00bfQui\u00e9n es el responsable del tratamiento de sus datos?AR 79 CAPITAL, S.L.B40523854.CASA PEROT 1 \u2013 46667 \u2013 BARXETA \u2013 VALENCIA.960659986.reservas@vlcinvest.com.2. \u00bfCon qu\u00e9 finalidad tratamos sus datos personales?En AR 79 CAPITAL, S.L. tratamos la informaci\u00f3n que nos facilitan las personas interesadas con el fin de realizar la gesti\u00f3n administrativa, contable y fiscal de los servicios solicitados, as\u00ed como enviar comunicaciones comerciales sobre nuestros productos y servicios. En el caso de que no facilite sus datos personales, no podremos cumplir con las funcionalidades descritas anteriormente.<br \/>No se van a tomar decisiones automatizadas en base a los datos proporcionados.3. \u00bfPor cu\u00e1nto tiempo conservaremos sus datos?Los datos se conservar\u00e1n mientras el interesado no solicite su supresi\u00f3n, y en su caso, durante los a\u00f1os necesarios para cumplir con las obligaciones legales.4. \u00bfCu\u00e1l es la legitimaci\u00f3n para el tratamiento de sus datos?Le indicamos la base legal para el tratamiento de sus datos:\n<ul>\n<li>Ejecuci\u00f3n de un contrato: Gesti\u00f3n fiscal, contable y administrativa de clientes. (RGPD art. 6.1.b).<\/li>\n<li>Inter\u00e9s leg\u00edtimo del Responsable: Env\u00edo de comunicaciones comerciales incluso por v\u00eda electr\u00f3nica. (RGPD Considerando 47, LSSICE art. 21.2).<\/li>\n<\/ul>\n5. \u00bfA qu\u00e9 destinatarios se comunicar\u00e1n sus datos?Los datos se comunicar\u00e1n a los siguientes destinatarios:\n<ul>\n<li>Asesor jur\u00eddico, con la finalidad de Resoluci\u00f3n de aspectos jur\u00eddicos de la entidad.<\/li>\n<li>Asesor\u00eda fiscal y contable, con la finalidad de cumplir con las obligaciones legales (requisito legal).<\/li>\n<li>Entidades financieras, con la finalidad de girar los recibos correspondientes (requisito contractual).<\/li>\n<\/ul>\n<p>6. Transferencias de datos a terceros pa\u00edses<\/p>\nNo est\u00e1n previstas transferencias de datos a terceros pa\u00edses.\n<p>7. \u00bfCu\u00e1les son sus derechos cuando nos facilita sus datos?<\/p>\nCualquier persona tiene derecho a obtener confirmaci\u00f3n sobre si en AR 79 CAPITAL, S.L. estamos tratando, o no, datos personales que les conciernan.Las personas interesadas tienen derecho a acceder a sus datos personales, as\u00ed como a solicitar la rectificaci\u00f3n de los datos inexactos o, en su caso, solicitar su supresi\u00f3n cuando, entre otros motivos, los datos ya no sean necesarios para los fines que fueron recogidos. Igualmente tiene derecho a la portabilidad de sus datos.En determinadas circunstancias, los interesados podr\u00e1n solicitar la limitaci\u00f3n del tratamiento de sus datos, en cuyo caso \u00fanicamente los conservaremos para el ejercicio o la defensa de reclamaciones.En determinadas circunstancias y por motivos relacionados con su situaci\u00f3n particular, los interesados podr\u00e1n oponerse al tratamiento de sus datos. En este caso, AR 79 CAPITAL, S.L. dejar\u00e1 de tratar los datos, salvo por motivos leg\u00edtimos imperiosos, o el ejercicio o la defensa de posibles reclamaciones.Podr\u00e1 ejercitar materialmente sus derechos de la siguiente forma: dirigi\u00e9ndose a reservas@vlcinvest.com o C\/ NATURALISTA RAFAEL CISTERNAS 4 DESPACHO 208 \u2013 46010 \u2013 VALENCIA.<br \/>Cuando se realice el env\u00edo de comunicaciones comerciales utilizando como base jur\u00eddica el inter\u00e9s leg\u00edtimo del responsable, el interesado podr\u00e1 oponerse al tratamiento de sus datos con ese fin.Si ha otorgado su consentimiento para alguna finalidad concreta, tiene derecho a retirar el consentimiento otorgado en cualquier momento, sin que ello afecte a la licitud del tratamiento basado en el consentimiento previo a su retirada.En caso de que sienta vulnerados sus derechos en lo concerniente a la protecci\u00f3n de sus datos personales, especialmente cuando no haya obtenido satisfacci\u00f3n en el ejercicio de sus derechos, puede presentar una reclamaci\u00f3n ante la Autoridad de Control en materia de Protecci\u00f3n de Datos competente a trav\u00e9s de su sitio web: www.aepd.es.\n<p>8. \u00bfC\u00f3mo hemos obtenido sus datos?<\/p>\nLos datos personales que tratamos en AR 79 CAPITAL, S.L. proceden de: El propio interesado.Las categor\u00edas de datos que se tratan son:\n<ul>\n<li>Datos identificativos.<\/li>\n<li>Direcciones postales y electr\u00f3nicas.<\/li>\n<li>Informaci\u00f3n comercial.<\/li>\n<\/ul>\n<br \/>\n<p>Tratamiento de los datos de potenciales clientes y contactos<\/p>\n<br \/>\n<table width=\"584\" cellspacing=\"0\" cellpadding=\"1\">\n<tbody>\n<tr>\n<td colspan=\"2\" bgcolor=\"#ffffff\" width=\"580\"><b>Informaci\u00f3n b\u00e1sica sobre Protecci\u00f3n de datos<\/b><\/td>\n<\/tr>\n<tr>\n<td bgcolor=\"#ffffff\" width=\"177\"><b>Responsable:<\/b><\/td>\n<td bgcolor=\"#ffffff\" width=\"401\">AR 79 CAPITAL, S.L.<\/td>\n<\/tr>\n<tr>\n<td bgcolor=\"#ffffff\" width=\"177\"><b>Finalidad:<\/b><\/td>\n<td bgcolor=\"#ffffff\" width=\"401\">Atender su solicitud y enviarle comunicaciones comerciales<\/td>\n<\/tr>\n<tr>\n<td bgcolor=\"#ffffff\" width=\"177\"><b>Legitimaci\u00f3n:<\/b><\/td>\n<td bgcolor=\"#ffffff\" width=\"401\">Ejecuci\u00f3n de un contrato.Consentimiento del interesado.Inter\u00e9s leg\u00edtimo del Responsable.<\/td>\n<\/tr>\n<tr>\n<td bgcolor=\"#ffffff\" width=\"177\"><b>Destinatarios:<\/b><\/td>\n<td bgcolor=\"#ffffff\" width=\"401\">No se ceder\u00e1n datos a terceros, salvo obligaci\u00f3n legal.<\/td>\n<\/tr>\n<tr>\n<td bgcolor=\"#ffffff\" width=\"177\"><b>Derechos:<\/b><\/td>\n<td bgcolor=\"#ffffff\" width=\"401\">Tiene derecho a acceder, rectificar y suprimir los datos, as\u00ed como otros derechos, indicados en la informaci\u00f3n adicional, que puede ejercer dirigi\u00e9ndose a reservas@vlcinvest.com o C\/ NATURALISTA RAFAEL CISTERNAS 4 DESPACHO 208 \u2013 46010 \u2013 VALENCIA.<\/td>\n<\/tr>\n<tr>\n<td bgcolor=\"#ffffff\" width=\"177\"><b>Procedencia:<\/b><\/td>\n<td bgcolor=\"#ffffff\" width=\"401\">El propio interesado.<\/td>\n<\/tr>\n<\/tbody>\n<\/table>\n<br \/>\n<p>Informaci\u00f3n completa sobre Protecci\u00f3n de Datos<\/p>\n<p>1. \u00bfQui\u00e9n es el responsable del tratamiento de sus datos?<\/p>\nAR 79 CAPITAL, S.L.<br \/>B40523854.<br \/>CASA PEROT 1 \u2013 46667 \u2013 BARXETA \u2013 VALENCIA.<br \/>960659986.<br \/>reservas@vlcinvest.com.\n<p>2. \u00bfCon qu\u00e9 finalidad tratamos sus datos personales?<\/p>\nEn AR 79 CAPITAL, S.L. tratamos la informaci\u00f3n que nos facilitan las personas interesadas con el fin de realizar la gesti\u00f3n de potenciales clientes que se han interesado sobre nuestros productos y\/o servicios, as\u00ed como otros contactos comerciales y realizar, en su caso, el env\u00edo de comunicaciones comerciales inclusive por v\u00eda electr\u00f3nica. En el caso de que no facilite sus datos personales, no podremos cumplir con las funcionalidades descritas anteriormente.No se van a tomar decisiones automatizadas en base a los datos proporcionados.\n<p>3. \u00bfPor cu\u00e1nto tiempo conservaremos sus datos?<\/p>\nLos datos se conservar\u00e1n mientras el interesado no solicite su supresi\u00f3n.\n<p>4. \u00bfCu\u00e1l es la legitimaci\u00f3n para el tratamiento de sus datos?<\/p>\nLe indicamos la base legal para el tratamiento de sus datos:\n<ul>\n<li>Ejecuci\u00f3n de un contrato: Gesti\u00f3n de potenciales clientes que se han interesado sobre nuestros productos y\/o servicios. (RGPD, art. 6.1.b).<\/li>\n<li>Consentimiento del interesado: Enviar comunicaciones comerciales, inclusive por v\u00eda electr\u00f3nica. (RGPD, art. 6.1.a, LSSICE art.21).<\/li>\n<li>Inter\u00e9s leg\u00edtimo del Responsable: Gesti\u00f3n de los datos de contacto profesionales (LOPDGDD art.19, RGPD art. 6.1.f).<\/li>\n<\/ul>\n<p>5. \u00bfA qu\u00e9 destinatarios se comunicar\u00e1n sus datos?<\/p>\nNo se ceder\u00e1n datos a terceros, salvo obligaci\u00f3n legal.\n<p>6. Transferencias de datos a terceros pa\u00edses<\/p>\nNo est\u00e1n previstas transferencias de datos a terceros pa\u00edses.\n<p>7. \u00bfCu\u00e1les son sus derechos cuando nos facilita sus datos?<\/p>\nCualquier persona tiene derecho a obtener confirmaci\u00f3n sobre si en AR 79 CAPITAL, S.L. estamos tratando, o no, datos personales que les conciernan.Las personas interesadas tienen derecho a acceder a sus datos personales, as\u00ed como a solicitar la rectificaci\u00f3n de los datos inexactos o, en su caso, solicitar su supresi\u00f3n cuando, entre otros motivos, los datos ya no sean necesarios para los fines que fueron recogidos. Igualmente tiene derecho a la portabilidad de sus datos.En determinadas circunstancias, los interesados podr\u00e1n solicitar la limitaci\u00f3n del tratamiento de sus datos, en cuyo caso \u00fanicamente los conservaremos para el ejercicio o la defensa de reclamaciones.En determinadas circunstancias y por motivos relacionados con su situaci\u00f3n particular, los interesados podr\u00e1n oponerse al tratamiento de sus datos. En este caso, AR 79 CAPITAL, S.L. dejar\u00e1 de tratar los datos, salvo por motivos leg\u00edtimos imperiosos, o el ejercicio o la defensa de posibles reclamaciones.Podr\u00e1 ejercitar materialmente sus derechos de la siguiente forma: dirigi\u00e9ndose a reservas@vlcinvest.com o C\/ NATURALISTA RAFAEL CISTERNAS 4 DESPACHO 208 \u2013 46010 \u2013 VALENCIA.<br \/>Cuando se realice el env\u00edo de comunicaciones comerciales utilizando como base jur\u00eddica el inter\u00e9s leg\u00edtimo del responsable, el interesado podr\u00e1 oponerse al tratamiento de sus datos con ese fin.Si ha otorgado su consentimiento para alguna finalidad concreta, tiene derecho a retirar el consentimiento otorgado en cualquier momento, sin que ello afecte a la licitud del tratamiento basado en el consentimiento previo a su retirada.En caso de que sienta vulnerados sus derechos en lo concerniente a la protecci\u00f3n de sus datos personales, especialmente cuando no haya obtenido satisfacci\u00f3n en el ejercicio de sus derechos, puede presentar una reclamaci\u00f3n ante la Autoridad de Control en materia de Protecci\u00f3n de Datos competente a trav\u00e9s de su sitio web: www.aepd.es.\n<p>8. \u00bfC\u00f3mo hemos obtenido sus datos?<\/p>\nLos datos personales que tratamos en AR 79 CAPITAL, S.L. proceden de: El propio interesado.Las categor\u00edas de datos que se tratan son:\n<ul>\n<li>Datos identificativos.<\/li>\n<li>Direcciones postales y electr\u00f3nicas.<\/li>\n<li>Informaci\u00f3n comercial.<\/li>\n<\/ul>\n<\/div>\n<div class=\"gdlr-core-text-box-item gdlr-core-item-pdlr gdlr-core-item-pdb gdlr-core-left-align\">\n<div class=\"gdlr-core-text-box-item-content\">Complementamos a nuestro portfolio con la gesti\u00f3n de apartamentos en alquiler de media y corta estancia en la ciudad de Valencia. Nace con el objetivo de ayudar a los estudiantes y j\u00f3venes trabajadores espa\u00f1oles e internacionales a encontrar su propio hogar. VLC Host gestiona patrimonio de terceros y propio. Actualmente nos concentramos en la ciudad de Valencia, con el objetivo de crecer y expandirnos a lo largo de Espa\u00f1a y Europa.<\/div>\n<\/div>\n<p><!-- \/wp:paragraph --><\/p>\t\t\t\t\t\t<\/div>\n\t\t\t\t<\/div>\n\t\t\t\t\t<\/div>\n\t\t<\/div>\n\t\t\t\t\t<\/div>\n\t\t<\/section>\n\t\t\t\t<\/div>","protected":false},"excerpt":{"rendered":"<p>En AR 79 CAPITAL, S.L. nos preocupamos por la privacidad y la transparencia.A continuaci\u00f3n, le indicamos en detalle los tratamientos de datos personales que realizamos, as\u00ed como toda la informaci\u00f3n relativa a los mismos.Tratamiento de los datos de clientes Informaci\u00f3n b\u00e1sica sobre Protecci\u00f3n de datos Responsable: AR 79 CAPITAL, S.L. Finalidad: Prestar los servicios solicitados [&hellip;]<\/p>","protected":false},"author":1,"featured_media":0,"parent":0,"menu_order":0,"comment_status":"closed","ping_status":"closed","template":"","meta":{"footnotes":""},"class_list":["post-1039","page","type-page","status-publish","hentry"],"yoast_head":"<!-- This site is optimized with the Yoast SEO plugin v21.5 - https:\/\/yoast.com\/wordpress\/plugins\/seo\/ -->\n<title>T\u00e9rminos, condiciones y privacidad - VLC Host<\/title>\n<meta name=\"robots\" content=\"noindex, nofollow\" \/>\n<meta property=\"og:locale\" content=\"en_US\" \/>\n<meta property=\"og:type\" content=\"article\" \/>\n<meta property=\"og:title\" content=\"T\u00e9rminos, condiciones y privacidad - VLC Host\" \/>\n<meta property=\"og:description\" content=\"En AR 79 CAPITAL, S.L. nos preocupamos por la privacidad y la transparencia.A continuaci\u00f3n, le indicamos en detalle los tratamientos de datos personales que realizamos, as\u00ed como toda la informaci\u00f3n relativa a los mismos.Tratamiento de los datos de clientes Informaci\u00f3n b\u00e1sica sobre Protecci\u00f3n de datos Responsable: AR 79 CAPITAL, S.L. Finalidad: Prestar los servicios solicitados [&hellip;]\" \/>\n<meta property=\"og:url\" content=\"https:\/\/vlchost.com\/en\/terminos-condiciones-y-privacidad\/\" \/>\n<meta property=\"og:site_name\" content=\"VLC Host\" \/>\n<meta property=\"article:publisher\" content=\"https:\/\/www.facebook.com\/VLCHost.HappyToHostYou\" \/>\n<meta property=\"article:modified_time\" content=\"2022-07-22T10:26:30+00:00\" \/>\n<meta name=\"twitter:card\" content=\"summary_large_image\" \/>\n<meta name=\"twitter:label1\" content=\"Est. reading time\" \/>\n\t<meta name=\"twitter:data1\" content=\"7 minutes\" \/>\n<script type=\"application\/ld+json\" class=\"yoast-schema-graph\">{\"@context\":\"https:\/\/schema.org\",\"@graph\":[{\"@type\":\"WebPage\",\"@id\":\"https:\/\/vlchost.com\/terminos-condiciones-y-privacidad\/\",\"url\":\"https:\/\/vlchost.com\/terminos-condiciones-y-privacidad\/\",\"name\":\"T\u00e9rminos, condiciones y privacidad - VLC Host\",\"isPartOf\":{\"@id\":\"https:\/\/vlchost.com\/#website\"},\"datePublished\":\"2022-06-15T11:31:55+00:00\",\"dateModified\":\"2022-07-22T10:26:30+00:00\",\"breadcrumb\":{\"@id\":\"https:\/\/vlchost.com\/terminos-condiciones-y-privacidad\/#breadcrumb\"},\"inLanguage\":\"en-US\",\"potentialAction\":[{\"@type\":\"ReadAction\",\"target\":[\"https:\/\/vlchost.com\/terminos-condiciones-y-privacidad\/\"]}]},{\"@type\":\"BreadcrumbList\",\"@id\":\"https:\/\/vlchost.com\/terminos-condiciones-y-privacidad\/#breadcrumb\",\"itemListElement\":[{\"@type\":\"ListItem\",\"position\":1,\"name\":\"Portada\",\"item\":\"https:\/\/vlchost.com\/\"},{\"@type\":\"ListItem\",\"position\":2,\"name\":\"T\u00e9rminos, condiciones y privacidad\"}]},{\"@type\":\"WebSite\",\"@id\":\"https:\/\/vlchost.com\/#website\",\"url\":\"https:\/\/vlchost.com\/\",\"name\":\"VLC Host\",\"description\":\"Alquiler de alojamientos tur\u00edsticos\",\"publisher\":{\"@id\":\"https:\/\/vlchost.com\/#organization\"},\"potentialAction\":[{\"@type\":\"SearchAction\",\"target\":{\"@type\":\"EntryPoint\",\"urlTemplate\":\"https:\/\/vlchost.com\/?s={search_term_string}\"},\"query-input\":\"required name=search_term_string\"}],\"inLanguage\":\"en-US\"},{\"@type\":\"Organization\",\"@id\":\"https:\/\/vlchost.com\/#organization\",\"name\":\"VLC Host - Nomad Life\",\"url\":\"https:\/\/vlchost.com\/\",\"logo\":{\"@type\":\"ImageObject\",\"inLanguage\":\"en-US\",\"@id\":\"https:\/\/vlchost.com\/#\/schema\/logo\/image\/\",\"url\":\"https:\/\/vlchost.com\/wp-content\/uploads\/cropped-alquiler-apartamentos-VLCHOST.png\",\"contentUrl\":\"https:\/\/vlchost.com\/wp-content\/uploads\/cropped-alquiler-apartamentos-VLCHOST.png\",\"width\":512,\"height\":512,\"caption\":\"VLC Host - Nomad Life\"},\"image\":{\"@id\":\"https:\/\/vlchost.com\/#\/schema\/logo\/image\/\"},\"sameAs\":[\"https:\/\/www.facebook.com\/VLCHost.HappyToHostYou\",\"https:\/\/www.instagram.com\/vlchost\/\"]}]}<\/script>\n<!-- \/ Yoast SEO plugin. -->","yoast_head_json":{"title":"T\u00e9rminos, condiciones y privacidad - VLC Host","robots":{"index":"noindex","follow":"nofollow"},"og_locale":"en_US","og_type":"article","og_title":"T\u00e9rminos, condiciones y privacidad - VLC Host","og_description":"En AR 79 CAPITAL, S.L. nos preocupamos por la privacidad y la transparencia.A continuaci\u00f3n, le indicamos en detalle los tratamientos de datos personales que realizamos, as\u00ed como toda la informaci\u00f3n relativa a los mismos.Tratamiento de los datos de clientes Informaci\u00f3n b\u00e1sica sobre Protecci\u00f3n de datos Responsable: AR 79 CAPITAL, S.L. Finalidad: Prestar los servicios solicitados [&hellip;]","og_url":"https:\/\/vlchost.com\/en\/terminos-condiciones-y-privacidad\/","og_site_name":"VLC Host","article_publisher":"https:\/\/www.facebook.com\/VLCHost.HappyToHostYou","article_modified_time":"2022-07-22T10:26:30+00:00","twitter_card":"summary_large_image","twitter_misc":{"Est. reading time":"7 minutes"},"schema":{"@context":"https:\/\/schema.org","@graph":[{"@type":"WebPage","@id":"https:\/\/vlchost.com\/terminos-condiciones-y-privacidad\/","url":"https:\/\/vlchost.com\/terminos-condiciones-y-privacidad\/","name":"T\u00e9rminos, condiciones y privacidad - VLC Host","isPartOf":{"@id":"https:\/\/vlchost.com\/#website"},"datePublished":"2022-06-15T11:31:55+00:00","dateModified":"2022-07-22T10:26:30+00:00","breadcrumb":{"@id":"https:\/\/vlchost.com\/terminos-condiciones-y-privacidad\/#breadcrumb"},"inLanguage":"en-US","potentialAction":[{"@type":"ReadAction","target":["https:\/\/vlchost.com\/terminos-condiciones-y-privacidad\/"]}]},{"@type":"BreadcrumbList","@id":"https:\/\/vlchost.com\/terminos-condiciones-y-privacidad\/#breadcrumb","itemListElement":[{"@type":"ListItem","position":1,"name":"Portada","item":"https:\/\/vlchost.com\/"},{"@type":"ListItem","position":2,"name":"T\u00e9rminos, condiciones y privacidad"}]},{"@type":"WebSite","@id":"https:\/\/vlchost.com\/#website","url":"https:\/\/vlchost.com\/","name":"VLC Host","description":"Alquiler de alojamientos tur\u00edsticos","publisher":{"@id":"https:\/\/vlchost.com\/#organization"},"potentialAction":[{"@type":"SearchAction","target":{"@type":"EntryPoint","urlTemplate":"https:\/\/vlchost.com\/?s={search_term_string}"},"query-input":"required name=search_term_string"}],"inLanguage":"en-US"},{"@type":"Organization","@id":"https:\/\/vlchost.com\/#organization","name":"VLC Host - Nomad Life","url":"https:\/\/vlchost.com\/","logo":{"@type":"ImageObject","inLanguage":"en-US","@id":"https:\/\/vlchost.com\/#\/schema\/logo\/image\/","url":"https:\/\/vlchost.com\/wp-content\/uploads\/cropped-alquiler-apartamentos-VLCHOST.png","contentUrl":"https:\/\/vlchost.com\/wp-content\/uploads\/cropped-alquiler-apartamentos-VLCHOST.png","width":512,"height":512,"caption":"VLC Host - Nomad Life"},"image":{"@id":"https:\/\/vlchost.com\/#\/schema\/logo\/image\/"},"sameAs":["https:\/\/www.facebook.com\/VLCHost.HappyToHostYou","https:\/\/www.instagram.com\/vlchost\/"]}]}},"_links":{"self":[{"href":"https:\/\/vlchost.com\/en\/wp-json\/wp\/v2\/pages\/1039","targetHints":{"allow":["GET"]}}],"collection":[{"href":"https:\/\/vlchost.com\/en\/wp-json\/wp\/v2\/pages"}],"about":[{"href":"https:\/\/vlchost.com\/en\/wp-json\/wp\/v2\/types\/page"}],"author":[{"embeddable":true,"href":"https:\/\/vlchost.com\/en\/wp-json\/wp\/v2\/users\/1"}],"replies":[{"embeddable":true,"href":"https:\/\/vlchost.com\/en\/wp-json\/wp\/v2\/comments?post=1039"}],"version-history":[{"count":11,"href":"https:\/\/vlchost.com\/en\/wp-json\/wp\/v2\/pages\/1039\/revisions"}],"predecessor-version":[{"id":2613,"href":"https:\/\/vlchost.com\/en\/wp-json\/wp\/v2\/pages\/1039\/revisions\/2613"}],"wp:attachment":[{"href":"https:\/\/vlchost.com\/en\/wp-json\/wp\/v2\/media?parent=1039"}],"curies":[{"name":"wp","href":"https:\/\/api.w.org\/{rel}","templated":true}]}}