{"id":3,"date":"2022-06-01T14:01:22","date_gmt":"2022-06-01T12:01:22","guid":{"rendered":"http:\/\/vlchost.com\/?page_id=3"},"modified":"2022-07-21T10:03:24","modified_gmt":"2022-07-21T08:03:24","slug":"politica-privacidad","status":"publish","type":"page","link":"https:\/\/vlchost.com\/en\/politica-privacidad\/","title":{"rendered":"Pol\u00edtica de privacidad"},"content":{"rendered":"<div data-elementor-type=\"wp-page\" data-elementor-id=\"3\" class=\"elementor elementor-3\" data-elementor-post-type=\"page\">\n\t\t\t\t\t\t<section class=\"elementor-section elementor-top-section elementor-element elementor-element-751d5799 elementor-section-boxed elementor-section-height-default elementor-section-height-default\" data-id=\"751d5799\" data-element_type=\"section\">\n\t\t\t\t\t\t<div class=\"elementor-container elementor-column-gap-default\">\n\t\t\t\t\t<div class=\"elementor-column elementor-col-100 elementor-top-column elementor-element elementor-element-7f1d8f73\" data-id=\"7f1d8f73\" data-element_type=\"column\">\n\t\t\t<div class=\"elementor-widget-wrap elementor-element-populated\">\n\t\t\t\t\t\t<div class=\"elementor-element elementor-element-75e96b6d elementor-widget elementor-widget-text-editor\" data-id=\"75e96b6d\" data-element_type=\"widget\" data-widget_type=\"text-editor.default\">\n\t\t\t\t<div class=\"elementor-widget-container\">\n\t\t\t<style>\/*! elementor - v3.19.0 - 28-02-2024 *\/\n.elementor-widget-text-editor.elementor-drop-cap-view-stacked .elementor-drop-cap{background-color:#69727d;color:#fff}.elementor-widget-text-editor.elementor-drop-cap-view-framed .elementor-drop-cap{color:#69727d;border:3px solid;background-color:transparent}.elementor-widget-text-editor:not(.elementor-drop-cap-view-default) .elementor-drop-cap{margin-top:8px}.elementor-widget-text-editor:not(.elementor-drop-cap-view-default) .elementor-drop-cap-letter{width:1em;height:1em}.elementor-widget-text-editor .elementor-drop-cap{float:left;text-align:center;line-height:1;font-size:50px}.elementor-widget-text-editor .elementor-drop-cap-letter{display:inline-block}<\/style>\t\t\t\t<div class=\"elementor-element elementor-element-836e6c8 elementor-widget elementor-widget-heading\" data-id=\"836e6c8\" data-element_type=\"widget\" data-widget_type=\"heading.default\">\n<div class=\"elementor-widget-container\">\n<p>En esta p\u00e1gina queremos informarte sobre\u00a0<strong>todos los detalles relativos a tus datos personales<\/strong>: qui\u00e9n los recoge, por qu\u00e9 se recogen, qu\u00e9 se hace con ellos y d\u00f3nde se guardan.<\/p>\n<p>Estamos de acuerdo con la necesidad de reforzar la transparencia en el uso de los datos personales, las webs han de ser\u00a0100% transparentes\u00a0en esta cuesti\u00f3n y tienen que ser penalizadas las conductas ilegales y anti-\u00e9ticas de los mismos, es del inter\u00e9s de todos.<\/p>\n<p><strong>\u00bfQu\u00e9 encontrar\u00e1s aqu\u00ed?<\/strong><\/p>\n<ul>\n<li>Identidad del responsable<\/li>\n<li>Marco legal aplicable<\/li>\n<li>Tratamiento de datos personales\n<ul>\n<li>\u00bfQu\u00e9 son los datos personales?<\/li>\n<li>\u00bfPor qu\u00e9 se recogen estos datos?<\/li>\n<li>\u00bfQu\u00e9 tipos de datos se recogen? Finalidad y legitimaci\u00f3n<\/li>\n<li>Automatizaciones<\/li>\n<li>\u00bfD\u00f3nde se guardan tus datos personales en esta web?<\/li>\n<li>\u00bfDurante cu\u00e1nto tiempo se mantienen estos datos?<\/li>\n<li>Pol\u00edtica anti-spam<\/li>\n<\/ul>\n<\/li>\n<li>Medidas de seguridad<\/li>\n<li>Derechos del usuario y c\u00f3mo ejercerlos\n<ol>\n<li>\u00a0Acceso<\/li>\n<li>Rectificaci\u00f3n<\/li>\n<li>Cancelaci\u00f3n<\/li>\n<li>Oposici\u00f3n<\/li>\n<li>Portabilidad y no limitaci\u00f3n del tratamiento<\/li>\n<li>Derecho al olvido<\/li>\n<\/ol>\n<\/li>\n<\/ul>\n<p>Con esta p\u00e1gina, junto con las p\u00e1ginas de nuestro\u00a0aviso legal\u00a0y\u00a0pol\u00edtica de cookies, estamos intentan cumplir contigo lo mejor posible en este sentido.<\/p>\n<p><strong>Identidad del responsable<\/strong><br \/>La actividad de esta web est\u00e1 articulada de la siguiente manera:<\/p>\n<ul>\n<li>\n<ul>\n<li><strong>Nombre:<\/strong>\u00a0este sitio web est\u00e1 gestionado por BLUE VISION STRATEGY, S.L., con CIF B05279724 que es el\u00a0responsable del fichero.<\/li>\n<li><strong>Sede social:<\/strong>\u00a0la sede social de 3J Business and Solutions Coop. V. se encuentra en C\/ Mig, 72 de Aielo de Malferit \u2013 46812 (Valencia).<\/li>\n<li><strong>Contacto:<\/strong>\u00a0cualquiera puede contactar con nosotros en el apartado de contacto de nuestra web.<\/li>\n<\/ul>\n<\/li>\n<\/ul>\n<p><strong>Marco legal aplicable<\/strong><br \/>La actividad de esta web se encuentra sujeta al marco legal espa\u00f1ol y europeo, concretamente a las siguientes normas:<\/p>\n<p>El\u00a0<strong>Reglamento General de Protecci\u00f3n de datos (RGPD)<\/strong>. Esto es la\u00a0<strong>normativa de la Uni\u00f3n Europea<\/strong>, unifica la regulaci\u00f3n del tratamiento de los datos personales en los distintos pa\u00edses de la UE.<\/p>\n<p>La\u00a0<strong>Ley Org\u00e1nica de Protecci\u00f3n de datos (LOPD)<\/strong>\u00a0y su\u00a0<strong>Reglamento de Desarrollo<\/strong>. Estas son las\u00a0<strong>normas espa\u00f1olas<\/strong>\u00a0relativas al tratamiento de los datos personales y las obligaciones que han de asumir los responsables de cualquier sitio web en la gesti\u00f3n de esa informaci\u00f3n.<\/p>\n<p>La\u00a0<strong>Ley de Servicios de la Sociedad de la Informaci\u00f3n y Comercio Electr\u00f3nico (LSSI)<\/strong>. Esta norma afecta a aquellas webs que, de alguna forma, realicen actividades econ\u00f3micas mediante medios electr\u00f3nicos, como es el caso de esta web.<\/p>\n<p><strong>Tratamiento de datos personales<\/strong><br \/><strong>\u00bfQu\u00e9 son los datos personales?<\/strong><br \/>La LOPD define en su art\u00edculo 3 a los datos de car\u00e1cter personales como\u00a0\u201ccualquier informaci\u00f3n concerniente a personas f\u00edsicas identificadas o identificables.\u201d<\/p>\n<p>A esto hay que a\u00f1adir que las distintas informaciones que, recopiladas, pueden llevar a la identificaci\u00f3n de una determinada persona. Estos tambi\u00e9n constituyen datos de car\u00e1cter personal.<br \/>Son ejemplos m\u00e1s evidentes son el nombre o el DNI de una persona, pero tambi\u00e9n se consideran datos personales el\u00a0email\u00a0o incluso una\u00a0direcci\u00f3n IP\u00a0usada en un momento determinado.<\/p>\n<p><strong>\u00bfPor qu\u00e9 se recogen estos datos?<\/strong><br \/>La recogida de datos personales en Internet es simplemente\u00a0<strong>inevitable en cualquier sitio interactivo<\/strong>\u00a0(con comentario, formularios de contacto, etc.).<\/p>\n<p>Las finalidades con las que suelen recogerse estos datos son\u00a0<strong>cinco<\/strong>:<\/p>\n<ul>\n<li>Hacer posible un\u00a0<strong>sistema de comentarios<\/strong>\u00a0del blog.<\/li>\n<li>Permitir que puedas contactar con nosotros a trav\u00e9s de nuestros\u00a0<strong>formularios de contacto<\/strong>.<\/li>\n<li>Crear una lista de\u00a0suscriptores\u00a0v\u00eda email (los miembros a los que os aportamos contenidos exclusivos y avisamos de nuevas entradas en el blog, as\u00ed como de promociones comerciales. Es decir, una lista con la que realizamos actividades de\u00a0<strong>email marketing<\/strong>.<\/li>\n<li>La elaboraci\u00f3n de\u00a0<strong>perfiles<\/strong>\u00a0(que consiste en registrar tus compras en la web y analizarlas junto a la informaci\u00f3n que nos has facilitado para ofrecerte un asesoramiento personalizado sobre los productos y servicios que mejor se adec\u00faan a tus intereses).<\/li>\n<li>Realizaci\u00f3n de\u00a0<strong>estad\u00edsticas y an\u00e1lisis<\/strong>\u00a0para uso interno sobre las preferencias de nuestros clientes, productos y actividades.<\/li>\n<\/ul>\n<p><strong>\u00bfQu\u00e9 tipos de datos se recogen? Finalidad y legitimaci\u00f3n<\/strong><br \/>En t\u00e9rminos generales, los datos personales recopilados se almacenan en un fichero con la exclusiva finalidad del\u00a0<strong>env\u00edo de comunicaciones electr\u00f3nicas<\/strong>\u00a0relativas a la propia actividad de la web.<\/p>\n<p>Los datos recabados son\u00a0<strong>identificativos<\/strong>\u00a0y corresponden a un m\u00ednimo razonable para poder llevar a t\u00e9rmino la actividad realizada.<\/p>\n<p>Esto quiere decir que se usar\u00e1n para cuestiones como el env\u00edo de boletines (newsletters), avisos de nuevos art\u00edculos y nuevos comentarios en el blog, ofertas comerciales, eventos y, en general, cualquier informaci\u00f3n que consideremos que pueda ser de inter\u00e9s para los usuarios.<\/p>\n<p>La legitimaci\u00f3n para la recogida de estos datos nace del consentimiento expreso que el usuario otorga en cualquier momento al marcar la casilla de aceptaci\u00f3n de esta pol\u00edtica de privacidad que figura en todos los lugares en los que se recogen datos personales.<\/p>\n<p>Esta casilla aparece desmarcada y hasta que no sea marcada con una acci\u00f3n expresa por el usuario, no es posible realizar la acci\u00f3n en cuesti\u00f3n (alta como suscriptor, env\u00edo de comentarios, etc.).<\/p>\n<p>Los datos que podemos recoger son\u00a0<strong>seis tipos<\/strong>\u00a0de datos personales diferentes:<\/p>\n<ul>\n<li><strong>Nombre<\/strong>: en comentarios, formularios de contacto o en compras o suscripciones.<\/li>\n<li><strong>Direcci\u00f3n<\/strong>: necesarias para el env\u00edo f\u00edsico de productos.<\/li>\n<li><strong>Email<\/strong>: en comentarios, formularios de contacto y lista de email. Simplemente imprescindible para poder comunicarnos contigo.<\/li>\n<li><strong>Direcci\u00f3n IP<\/strong>: la recogida de este dato la hace intr\u00ednsecamente\u00a0la estructura web. Es tambi\u00e9n un dato \u00fatil para combatir el spam.<br \/>Intereses espec\u00edficos: en nuestra lista de email tratamos de\u00a0segmentar\u00a0lo mejor posible a los miembros para conocer los intereses espec\u00edficos dentro de nuestra tem\u00e1tica.<\/li>\n<li><strong>Automatizaciones<\/strong>:<\/li>\n<\/ul>\n<p>Existen tres tipos de tratamientos automatizados en esta web:<\/p>\n<ul>\n<li>Proceso de alta de suscriptores a trav\u00e9s de diferentes herramientas de mailing.<\/li>\n<li>Segmentaciones en la lista de correo, seg\u00fan tem\u00e1ticas de inter\u00e9s efectuadas en base a estad\u00edsticas relativas a las aperturas y clics en los emails recibidos.<\/li>\n<li>Env\u00edo\u00a0\u201cinteligente\u201d\u00a0de emails en nuestra\u00a0plataforma de servicios profesionales, en funci\u00f3n de las respuestas del usuario.<\/li>\n<\/ul>\n<p><strong>\u00bfD\u00f3nde se guardan tus datos personales en esta web?<\/strong><br \/>Por la naturaleza de esta actividad, los datos personales de esta web se guardan en tres lugares:<\/p>\n<ul>\n<li><strong>Servidor web<\/strong>: nuestro proveedor de\u00a0hosting.<\/li>\n<li>Nuestro\u00a0<strong>proveedor de email marketing<\/strong>:<\/li>\n<li><strong>Segundo servidor Web<\/strong>: otro proveedor web a efectos de copias de\u00a0seguridad.<\/li>\n<\/ul>\n<p>Las tres empresas operan bajo el marco legal de protecci\u00f3n de datos personales de la Uni\u00f3n Europea y en el cumplimiento de sus funcionen ejercen la figura de\u00a0<strong>encargados de tratamiento\u00a0de datos<\/strong>.<\/p>\n<p><strong>\u00bfDurante cu\u00e1nto tiempo se mantienen estos datos?<\/strong><br \/><strong>No hay una fecha de caducidad<\/strong>\u00a0predeterminada para los datos recogidos. Los datos personales se dan de baja\u00a0<strong>a petici\u00f3n de los interesados<\/strong>.<\/p>\n<p><strong>Pol\u00edtica anti-spam<\/strong><br \/>Queremos expresar desde aqu\u00ed tambi\u00e9n nuestro absoluto rechazo al env\u00edo de comunicaciones comerciales no solicitadas o a cualquier tipo de conducta o manifestaci\u00f3n conocida como \u201cspam\u201d y nos declaramos comprometidos con la lucha contra este tipo de pr\u00e1cticas.<\/p>\n<p>Por tanto, garantizamos al usuario a que\u00a0<strong>bajo ning\u00fan concepto<\/strong>\u00a0los datos personales recogidos en el sitio web ser\u00e1n cedidos, compartidos, transferidos, ni vendidos a ning\u00fan tercero, salvo deseo expreso del interesado (ver derechos abajo).<\/p>\n<p>En el caso de que aun as\u00ed un\u00a0<strong>usuario<\/strong>\u00a0reciba comunicaciones de este sitio web sin haberse registrado, o sin haber dado su consentimiento expreso a dicho registro, puede darse de baja desde con un simple clic cualquier email recibido o contactando a trav\u00e9s de la propia web.<\/p>\n<p><strong>Medidas de seguridad<\/strong><br \/>Nuestros proveedores ha adoptado las medidas de seguridad t\u00e9cnicas, organizativas y de seguridad que garantizan la confidencialidad, integridad y calidad de la informaci\u00f3n contenida en las mismas, de acuerdo con lo establecido en la normativa vigente en protecci\u00f3n de datos.<\/p>\n<p><strong>Derechos del usuario y c\u00f3mo ejercerlos<\/strong><br \/>De acuerdo con lo dispuesto en el RGPD europeo y la LOPD espa\u00f1ola, el\u00a0<strong>usuario<\/strong>\u00a0en cualquier momento podr\u00e1 ejercitar sus\u00a0<strong>derechos de acceso,\u00a0rectificaci\u00f3n,\u00a0cancelaci\u00f3n, y\u00a0oposici\u00f3n\u00a0ante el\u00a0prestador.<\/strong><\/p>\n<p>Para facilitar el ejercicio de estos derechos se facilita en todas las comunicaciones un\u00a0<strong>bot\u00f3n de baja<\/strong>\u00a0que redundar\u00e1 en la\u00a0<strong>eliminaci\u00f3n inmediata<\/strong>\u00a0de los datos personales del usuario de la base de datos del proveedor de email marketing.<\/p>\n<p>Tanto la baja en nuestra, como todas las dem\u00e1s acciones las podr\u00e1s solicitar a trav\u00e9s del\u00a0formulario de contacto\u00a0que se mantiene en el sitio web, tanto para comunicar lo sucedido como para solicitar la eliminaci\u00f3n inmediata de sus datos de nuestro sistema.<\/p>\n<p>No comprometemos a ejecutar todos estos derechos dentro del\u00a0<strong>plazo legal m\u00e1ximo establecido de 10 d\u00edas h\u00e1biles<\/strong>. En la pr\u00e1ctica lo haremos mucho antes, ya que no tenemos ning\u00fan inter\u00e9s en disponer de datos tuyos, si t\u00fa no quieres.<\/p>\n<p><strong>1. Acceso<\/strong><br \/>El derecho de acceso es el derecho del afectado a obtener informaci\u00f3n sobre si sus propios datos de car\u00e1cter personal est\u00e1n siendo objeto de tratamiento, la finalidad del tratamiento que, en su caso, se est\u00e9 realizando, as\u00ed como la informaci\u00f3n disponible sobre el origen de dichos datos y las comunicaciones realizadas o previstas de los mismos.<\/p>\n<p><strong>2. Rectificaci\u00f3n<\/strong><br \/>El derecho de rectificaci\u00f3n consiste en que el interesado puede solicitar que se modifiquen los datos que resulten ser inexactos o incompletos.<\/p>\n<p><strong>3. Cancelaci\u00f3n<\/strong><br \/>\u00c9ste es el derecho del afectado a que se supriman los datos que resulten ser inadecuados o excesivos y se encuentra estrechamente relacionado con el llamado\u00a0\u201cderecho al olvido\u201d\u00a0(ver abajo).<\/p>\n<p><strong>4. Oposici\u00f3n<\/strong><br \/>El derecho de oposici\u00f3n se refiere al derecho del interesado a que no se lleve a cabo el tratamiento de sus datos personales o se cese en el mismo en los supuestos en que no sea necesario su consentimiento para el tratamiento, que se trate de ficheros de prospecci\u00f3n comerciales o que tengan la finalidad de adoptar decisiones referidas al interesado y basadas \u00fanicamente en el tratamiento automatizado de sus datos.<\/p>\n<p><strong>5. Portabilidad y no limitaci\u00f3n del tratamiento<\/strong><br \/>Este derecho consiste en que nos puedes pedir tus datos en un formato estructura, de uso com\u00fan y lectura mec\u00e1nica, siempre que sea t\u00e9cnicamente posible satisfacer tu petici\u00f3n.<br \/>Es resumen, esto quiere decir que nos puedes pedir tus datos en formatos ofim\u00e1ticos habituales como Excel o CSV, por ejemplo.<\/p>\n<p><strong>6. Derecho al olvido<\/strong><br \/>El derecho al olvido es un concepto nuevo del RGPD algo m\u00e1s complejo que afecta, sobre todo, a webs que exponen p\u00fablicamente tus datos, es decir, webs como las\u00a0redes sociales\u00a0y las diversas plataformas de Google.<\/p>\n<p>Aplicado a nuestro caso, se concreta en el derecho a la cancelaci\u00f3n de tus datos (en el caso de la lista de correo) y en la supresi\u00f3n de tus comentarios en la zona de comentarios si as\u00ed lo deseas.<\/p>\n<\/div>\n<\/div>\t\t\t\t\t\t<\/div>\n\t\t\t\t<\/div>\n\t\t\t\t\t<\/div>\n\t\t<\/div>\n\t\t\t\t\t<\/div>\n\t\t<\/section>\n\t\t\t\t<\/div>","protected":false},"excerpt":{"rendered":"<p>En esta p\u00e1gina queremos informarte sobre\u00a0todos los detalles relativos a tus datos personales: qui\u00e9n los recoge, por qu\u00e9 se recogen, qu\u00e9 se hace con ellos y d\u00f3nde se guardan. Estamos de acuerdo con la necesidad de reforzar la transparencia en el uso de los datos personales, las webs han de ser\u00a0100% transparentes\u00a0en esta cuesti\u00f3n y [&hellip;]<\/p>","protected":false},"author":1,"featured_media":0,"parent":0,"menu_order":0,"comment_status":"closed","ping_status":"closed","template":"","meta":{"footnotes":""},"class_list":["post-3","page","type-page","status-publish","hentry"],"yoast_head":"<!-- This site is optimized with the Yoast SEO plugin v21.5 - https:\/\/yoast.com\/wordpress\/plugins\/seo\/ -->\n<title>Pol\u00edtica de privacidad - VLC Host<\/title>\n<meta name=\"robots\" content=\"noindex, nofollow\" \/>\n<meta property=\"og:locale\" content=\"en_US\" \/>\n<meta property=\"og:type\" content=\"article\" \/>\n<meta property=\"og:title\" content=\"Pol\u00edtica de privacidad - VLC Host\" \/>\n<meta property=\"og:description\" content=\"En esta p\u00e1gina queremos informarte sobre\u00a0todos los detalles relativos a tus datos personales: qui\u00e9n los recoge, por qu\u00e9 se recogen, qu\u00e9 se hace con ellos y d\u00f3nde se guardan. Estamos de acuerdo con la necesidad de reforzar la transparencia en el uso de los datos personales, las webs han de ser\u00a0100% transparentes\u00a0en esta cuesti\u00f3n y [&hellip;]\" \/>\n<meta property=\"og:url\" content=\"https:\/\/vlchost.com\/en\/politica-privacidad\/\" \/>\n<meta property=\"og:site_name\" content=\"VLC Host\" \/>\n<meta property=\"article:publisher\" content=\"https:\/\/www.facebook.com\/VLCHost.HappyToHostYou\" \/>\n<meta property=\"article:modified_time\" content=\"2022-07-21T08:03:24+00:00\" \/>\n<meta name=\"twitter:card\" content=\"summary_large_image\" \/>\n<meta name=\"twitter:label1\" content=\"Est. reading time\" \/>\n\t<meta name=\"twitter:data1\" content=\"16 minutes\" \/>\n<script type=\"application\/ld+json\" class=\"yoast-schema-graph\">{\"@context\":\"https:\/\/schema.org\",\"@graph\":[{\"@type\":\"WebPage\",\"@id\":\"https:\/\/vlchost.com\/politica-privacidad\/\",\"url\":\"https:\/\/vlchost.com\/politica-privacidad\/\",\"name\":\"Pol\u00edtica de privacidad - VLC Host\",\"isPartOf\":{\"@id\":\"https:\/\/vlchost.com\/#website\"},\"datePublished\":\"2022-06-01T12:01:22+00:00\",\"dateModified\":\"2022-07-21T08:03:24+00:00\",\"breadcrumb\":{\"@id\":\"https:\/\/vlchost.com\/politica-privacidad\/#breadcrumb\"},\"inLanguage\":\"en-US\",\"potentialAction\":[{\"@type\":\"ReadAction\",\"target\":[\"https:\/\/vlchost.com\/politica-privacidad\/\"]}]},{\"@type\":\"BreadcrumbList\",\"@id\":\"https:\/\/vlchost.com\/politica-privacidad\/#breadcrumb\",\"itemListElement\":[{\"@type\":\"ListItem\",\"position\":1,\"name\":\"Portada\",\"item\":\"https:\/\/vlchost.com\/\"},{\"@type\":\"ListItem\",\"position\":2,\"name\":\"Pol\u00edtica de privacidad\"}]},{\"@type\":\"WebSite\",\"@id\":\"https:\/\/vlchost.com\/#website\",\"url\":\"https:\/\/vlchost.com\/\",\"name\":\"VLC Host\",\"description\":\"Alquiler de alojamientos tur\u00edsticos\",\"publisher\":{\"@id\":\"https:\/\/vlchost.com\/#organization\"},\"potentialAction\":[{\"@type\":\"SearchAction\",\"target\":{\"@type\":\"EntryPoint\",\"urlTemplate\":\"https:\/\/vlchost.com\/?s={search_term_string}\"},\"query-input\":\"required name=search_term_string\"}],\"inLanguage\":\"en-US\"},{\"@type\":\"Organization\",\"@id\":\"https:\/\/vlchost.com\/#organization\",\"name\":\"VLC Host - Nomad Life\",\"url\":\"https:\/\/vlchost.com\/\",\"logo\":{\"@type\":\"ImageObject\",\"inLanguage\":\"en-US\",\"@id\":\"https:\/\/vlchost.com\/#\/schema\/logo\/image\/\",\"url\":\"https:\/\/vlchost.com\/wp-content\/uploads\/cropped-alquiler-apartamentos-VLCHOST.png\",\"contentUrl\":\"https:\/\/vlchost.com\/wp-content\/uploads\/cropped-alquiler-apartamentos-VLCHOST.png\",\"width\":512,\"height\":512,\"caption\":\"VLC Host - Nomad Life\"},\"image\":{\"@id\":\"https:\/\/vlchost.com\/#\/schema\/logo\/image\/\"},\"sameAs\":[\"https:\/\/www.facebook.com\/VLCHost.HappyToHostYou\",\"https:\/\/www.instagram.com\/vlchost\/\"]}]}<\/script>\n<!-- \/ Yoast SEO plugin. -->","yoast_head_json":{"title":"Pol\u00edtica de privacidad - VLC Host","robots":{"index":"noindex","follow":"nofollow"},"og_locale":"en_US","og_type":"article","og_title":"Pol\u00edtica de privacidad - VLC Host","og_description":"En esta p\u00e1gina queremos informarte sobre\u00a0todos los detalles relativos a tus datos personales: qui\u00e9n los recoge, por qu\u00e9 se recogen, qu\u00e9 se hace con ellos y d\u00f3nde se guardan. Estamos de acuerdo con la necesidad de reforzar la transparencia en el uso de los datos personales, las webs han de ser\u00a0100% transparentes\u00a0en esta cuesti\u00f3n y [&hellip;]","og_url":"https:\/\/vlchost.com\/en\/politica-privacidad\/","og_site_name":"VLC Host","article_publisher":"https:\/\/www.facebook.com\/VLCHost.HappyToHostYou","article_modified_time":"2022-07-21T08:03:24+00:00","twitter_card":"summary_large_image","twitter_misc":{"Est. reading time":"16 minutes"},"schema":{"@context":"https:\/\/schema.org","@graph":[{"@type":"WebPage","@id":"https:\/\/vlchost.com\/politica-privacidad\/","url":"https:\/\/vlchost.com\/politica-privacidad\/","name":"Pol\u00edtica de privacidad - VLC Host","isPartOf":{"@id":"https:\/\/vlchost.com\/#website"},"datePublished":"2022-06-01T12:01:22+00:00","dateModified":"2022-07-21T08:03:24+00:00","breadcrumb":{"@id":"https:\/\/vlchost.com\/politica-privacidad\/#breadcrumb"},"inLanguage":"en-US","potentialAction":[{"@type":"ReadAction","target":["https:\/\/vlchost.com\/politica-privacidad\/"]}]},{"@type":"BreadcrumbList","@id":"https:\/\/vlchost.com\/politica-privacidad\/#breadcrumb","itemListElement":[{"@type":"ListItem","position":1,"name":"Portada","item":"https:\/\/vlchost.com\/"},{"@type":"ListItem","position":2,"name":"Pol\u00edtica de privacidad"}]},{"@type":"WebSite","@id":"https:\/\/vlchost.com\/#website","url":"https:\/\/vlchost.com\/","name":"VLC Host","description":"Alquiler de alojamientos tur\u00edsticos","publisher":{"@id":"https:\/\/vlchost.com\/#organization"},"potentialAction":[{"@type":"SearchAction","target":{"@type":"EntryPoint","urlTemplate":"https:\/\/vlchost.com\/?s={search_term_string}"},"query-input":"required name=search_term_string"}],"inLanguage":"en-US"},{"@type":"Organization","@id":"https:\/\/vlchost.com\/#organization","name":"VLC Host - Nomad Life","url":"https:\/\/vlchost.com\/","logo":{"@type":"ImageObject","inLanguage":"en-US","@id":"https:\/\/vlchost.com\/#\/schema\/logo\/image\/","url":"https:\/\/vlchost.com\/wp-content\/uploads\/cropped-alquiler-apartamentos-VLCHOST.png","contentUrl":"https:\/\/vlchost.com\/wp-content\/uploads\/cropped-alquiler-apartamentos-VLCHOST.png","width":512,"height":512,"caption":"VLC Host - Nomad Life"},"image":{"@id":"https:\/\/vlchost.com\/#\/schema\/logo\/image\/"},"sameAs":["https:\/\/www.facebook.com\/VLCHost.HappyToHostYou","https:\/\/www.instagram.com\/vlchost\/"]}]}},"_links":{"self":[{"href":"https:\/\/vlchost.com\/en\/wp-json\/wp\/v2\/pages\/3","targetHints":{"allow":["GET"]}}],"collection":[{"href":"https:\/\/vlchost.com\/en\/wp-json\/wp\/v2\/pages"}],"about":[{"href":"https:\/\/vlchost.com\/en\/wp-json\/wp\/v2\/types\/page"}],"author":[{"embeddable":true,"href":"https:\/\/vlchost.com\/en\/wp-json\/wp\/v2\/users\/1"}],"replies":[{"embeddable":true,"href":"https:\/\/vlchost.com\/en\/wp-json\/wp\/v2\/comments?post=3"}],"version-history":[{"count":8,"href":"https:\/\/vlchost.com\/en\/wp-json\/wp\/v2\/pages\/3\/revisions"}],"predecessor-version":[{"id":2497,"href":"https:\/\/vlchost.com\/en\/wp-json\/wp\/v2\/pages\/3\/revisions\/2497"}],"wp:attachment":[{"href":"https:\/\/vlchost.com\/en\/wp-json\/wp\/v2\/media?parent=3"}],"curies":[{"name":"wp","href":"https:\/\/api.w.org\/{rel}","templated":true}]}}