{"id":6184,"date":"2023-11-27T18:04:33","date_gmt":"2023-11-27T17:04:33","guid":{"rendered":"https:\/\/vlchost.com\/?page_id=6184"},"modified":"2023-12-04T10:32:37","modified_gmt":"2023-12-04T09:32:37","slug":"politica-de-privacidad","status":"publish","type":"page","link":"https:\/\/vlchost.com\/en\/politica-de-privacidad\/","title":{"rendered":"Pol\u00edtica de Privacidad"},"content":{"rendered":"<div data-elementor-type=\"wp-page\" data-elementor-id=\"6184\" class=\"elementor elementor-6184\" data-elementor-post-type=\"page\">\n\t\t\t\t<div class=\"elementor-element elementor-element-f2f6607 e-flex e-con-boxed e-con e-parent\" data-id=\"f2f6607\" data-element_type=\"container\" data-settings=\"{&quot;container_type&quot;:&quot;flex&quot;,&quot;content_width&quot;:&quot;boxed&quot;}\" data-core-v316-plus=\"true\">\n\t\t\t\t\t<div class=\"e-con-inner\">\n\t\t\t\t<div class=\"elementor-element elementor-element-d0eea22 elementor-widget elementor-widget-heading\" data-id=\"d0eea22\" data-element_type=\"widget\" data-widget_type=\"heading.default\">\n\t\t\t\t<div class=\"elementor-widget-container\">\n\t\t\t<style>\/*! elementor - v3.19.0 - 28-02-2024 *\/\n.elementor-heading-title{padding:0;margin:0;line-height:1}.elementor-widget-heading .elementor-heading-title[class*=elementor-size-]>a{color:inherit;font-size:inherit;line-height:inherit}.elementor-widget-heading .elementor-heading-title.elementor-size-small{font-size:15px}.elementor-widget-heading .elementor-heading-title.elementor-size-medium{font-size:19px}.elementor-widget-heading .elementor-heading-title.elementor-size-large{font-size:29px}.elementor-widget-heading .elementor-heading-title.elementor-size-xl{font-size:39px}.elementor-widget-heading .elementor-heading-title.elementor-size-xxl{font-size:59px}<\/style><h2 class=\"elementor-heading-title elementor-size-default\">Pol\u00edtica de Privacidad<\/h2>\t\t<\/div>\n\t\t\t\t<\/div>\n\t\t\t\t<div class=\"elementor-element elementor-element-2c42d86 elementor-widget elementor-widget-text-editor\" data-id=\"2c42d86\" data-element_type=\"widget\" data-widget_type=\"text-editor.default\">\n\t\t\t\t<div class=\"elementor-widget-container\">\n\t\t\t<style>\/*! elementor - v3.19.0 - 28-02-2024 *\/\n.elementor-widget-text-editor.elementor-drop-cap-view-stacked .elementor-drop-cap{background-color:#69727d;color:#fff}.elementor-widget-text-editor.elementor-drop-cap-view-framed .elementor-drop-cap{color:#69727d;border:3px solid;background-color:transparent}.elementor-widget-text-editor:not(.elementor-drop-cap-view-default) .elementor-drop-cap{margin-top:8px}.elementor-widget-text-editor:not(.elementor-drop-cap-view-default) .elementor-drop-cap-letter{width:1em;height:1em}.elementor-widget-text-editor .elementor-drop-cap{float:left;text-align:center;line-height:1;font-size:50px}.elementor-widget-text-editor .elementor-drop-cap-letter{display:inline-block}<\/style>\t\t\t\t    <p>En AR 79 CAPITAL, S.L. nos preocupamos por la privacidad y la transparencia. A continuaci\u00f3n, le indicamos en detalle los tratamientos de datos personales que realizamos, as\u00ed como toda la informaci\u00f3n relativa a los mismos.<\/p>\n\n    <h3>Tratamiento de los datos de clientes<\/h3>\n    <p><strong>Informaci\u00f3n b\u00e1sica sobre Protecci\u00f3n de datos<\/strong><\/p>\n    <ul>\n        <li><strong>Responsable:<\/strong> AR 79 CAPITAL, S.L.<\/li>\n        <li><strong>Finalidad:<\/strong> Prestar los servicios solicitados y enviar comunicaciones comerciales.<\/li>\n        <li><strong>Legitimaci\u00f3n:<\/strong> Ejecuci\u00f3n de un contrato. Inter\u00e9s leg\u00edtimo del Responsable.<\/li>\n        <li><strong>Destinatarios:<\/strong> Est\u00e1n previstas cesiones de datos a: Asesor jur\u00eddico; Asesor\u00eda fiscal y contable; Entidades financieras.<\/li>\n        <li><strong>Derechos:<\/strong> Tiene derecho a acceder, rectificar y suprimir los datos, as\u00ed como otros derechos, indicados en la informaci\u00f3n adicional, que puede ejercer dirigi\u00e9ndose a reservas@vlcinvest.com o C\/ NATURALISTA RAFAEL CISTERNAS 4 DESPACHO 208 \u2013 46010 \u2013 VALENCIA.<\/li>\n        <li><strong>Procedencia:<\/strong> El propio interesado.<\/li>\n    <\/ul>\n\n    <p><strong>Informaci\u00f3n completa sobre Protecci\u00f3n de Datos<\/strong><\/p>\n    <ol>\n        <li>\u00bfQui\u00e9n es el responsable del tratamiento de sus datos? AR 79 CAPITAL, S.L. B40523854. CASA PEROT 1 \u2013 46667 \u2013 BARXETA \u2013 VALENCIA. 960659986. reservas@vlcinvest.com.<\/li>\n        <li>\u00bfCon qu\u00e9 finalidad tratamos sus datos personales? En AR 79 CAPITAL, S.L. tratamos la informaci\u00f3n que nos facilitan las personas interesadas con el fin de realizar la gesti\u00f3n administrativa, contable y fiscal de los servicios solicitados, as\u00ed como enviar comunicaciones comerciales sobre nuestros productos y servicios.<\/li>\n        <li>\u00bfPor cu\u00e1nto tiempo conservaremos sus datos? Los datos se conservar\u00e1n mientras el interesado no solicite su supresi\u00f3n, y en su caso, durante los a\u00f1os necesarios para cumplir con las obligaciones legales.<\/li>\n        <li>\u00bfCu\u00e1l es la legitimaci\u00f3n para el tratamiento de sus datos? Ejecuci\u00f3n de un contrato: Gesti\u00f3n fiscal, contable y administrativa de clientes. Inter\u00e9s leg\u00edtimo del Responsable: Env\u00edo de comunicaciones comerciales incluso por v\u00eda electr\u00f3nica.<\/li>\n        <li>\u00bfA qu\u00e9 destinatarios se comunicar\u00e1n sus datos? Asesor jur\u00eddico, Asesor\u00eda fiscal y contable, Entidades financieras para cumplir con las obligaciones legales y requisitos contractuales.<\/li>\n        <li>Transferencias de datos a terceros pa\u00edses: No est\u00e1n previstas transferencias de datos a terceros pa\u00edses.<\/li>\n        <li>\u00bfCu\u00e1les son sus derechos cuando nos facilita sus datos? Derecho a obtener confirmaci\u00f3n, acceder a sus datos personales, solicitar la rectificaci\u00f3n de los datos inexactos o solicitar su supresi\u00f3n, portabilidad de datos, limitaci\u00f3n y oposici\u00f3n al tratamiento.<\/li>\n        <li>\u00bfC\u00f3mo hemos obtenido sus datos? Los datos personales que tratamos en AR 79 CAPITAL, S.L. proceden del propio interesado. Las categor\u00edas de datos que se tratan son: Datos identificativos, Direcciones postales y electr\u00f3nicas, Informaci\u00f3n comercial.<\/li>\n    <\/ol>\n\n    <h3>Tratamiento de los datos de potenciales clientes y contactos<\/h3>\n    <p><strong>Informaci\u00f3n b\u00e1sica sobre Protecci\u00f3n de datos<\/strong><\/p>\n    <ul>\n        <li><strong>Responsable:<\/strong> AR 79 CAPITAL, S.L.<\/li>\n        <li><strong>Finalidad:<\/strong> Atender su solicitud y enviarle comunicaciones comerciales.<\/li>\n        <li><strong>Legitimaci\u00f3n:<\/strong> Ejecuci\u00f3n de un contrato. Consentimiento del interesado. Inter\u00e9s leg\u00edtimo del Responsable.<\/li>\n        <li><strong>Destinatarios:<\/strong> No se ceder\u00e1n datos a terceros, salvo obligaci\u00f3n legal.<\/li>\n        <li><strong>Derechos:<\/strong> Tiene derecho a acceder, rectificar y suprimir los datos, as\u00ed como otros derechos, indicados en la informaci\u00f3n adicional, que puede ejercer dirigi\u00e9ndose a reservas@vlcinvest.com o C\/ NATURALISTA RAFAEL CISTERNAS 4 DESPACHO 208 \u2013 46010 \u2013 VALENCIA.<\/li>\n        <li><strong>Procedencia:<\/strong> El propio interesado.<\/li>\n    <\/ul>\n\n    <p><strong>Informaci\u00f3n completa sobre Protecci\u00f3n de Datos<\/strong><\/p>\n    <ol>\n        <li>\u00bfQui\u00e9n es el responsable del tratamiento de sus datos? AR 79 CAPITAL, S.L. B40523854. CASA PEROT 1 \u2013 46667 \u2013 BARXETA \u2013 VALENCIA. 960659986. reservas@vlcinvest.com.<\/li>\n        <li>\u00bfCon qu\u00e9 finalidad tratamos sus datos personales? Gestionar la informaci\u00f3n de potenciales clientes interesados en nuestros productos y\/o servicios, y realizar el env\u00edo de comunicaciones comerciales, inclusive por v\u00eda electr\u00f3nica.<\/li>\n        <li>\u00bfPor cu\u00e1nto tiempo conservaremos sus datos? Los datos se conservar\u00e1n mientras el interesado no solicite su supresi\u00f3n.<\/li>\n        <li>\u00bfCu\u00e1l es la legitimaci\u00f3n para el tratamiento de sus datos? Ejecuci\u00f3n de un contrato: Gesti\u00f3n de potenciales clientes. Consentimiento del interesado: Enviar comunicaciones comerciales. Inter\u00e9s leg\u00edtimo del Responsable: Gesti\u00f3n de los datos de contacto profesionales.<\/li>\n        <li>\u00bfA qu\u00e9 destinatarios se comunicar\u00e1n sus datos? No se ceder\u00e1n datos a terceros, salvo obligaci\u00f3n legal.<\/li>\n        <li>Transferencias de datos a terceros pa\u00edses: No est\u00e1n previstas transferencias de datos a terceros pa\u00edses.<\/li>\n        <li>\u00bfCu\u00e1les son sus derechos cuando nos facilita sus datos? Derecho a obtener confirmaci\u00f3n, acceder a sus datos personales, solicitar la rectificaci\u00f3n de los datos inexactos o solicitar su supresi\u00f3n, portabilidad de datos, limitaci\u00f3n y oposici\u00f3n al tratamiento.<\/li>\n        <li>\u00bfC\u00f3mo hemos obtenido sus datos? Los datos personales que tratamos en AR 79 CAPITAL, S.L. proceden del propio interesado. Las categor\u00edas de datos que se tratan son: Datos identificativos, Direcciones postales y electr\u00f3nicas, Informaci\u00f3n comercial.<\/li>\n    <\/ol>\t\t\t\t\t\t<\/div>\n\t\t\t\t<\/div>\n\t\t\t\t\t<\/div>\n\t\t\t\t<\/div>\n\t\t\t\t<\/div>","protected":false},"excerpt":{"rendered":"<p>Pol\u00edtica de Privacidad En AR 79 CAPITAL, S.L. nos preocupamos por la privacidad y la transparencia. A continuaci\u00f3n, le indicamos en detalle los tratamientos de datos personales que realizamos, as\u00ed como toda la informaci\u00f3n relativa a los mismos. Tratamiento de los datos de clientes Informaci\u00f3n b\u00e1sica sobre Protecci\u00f3n de datos Responsable: AR 79 CAPITAL, S.L. [&hellip;]<\/p>","protected":false},"author":4,"featured_media":0,"parent":0,"menu_order":0,"comment_status":"closed","ping_status":"closed","template":"","meta":{"footnotes":""},"class_list":["post-6184","page","type-page","status-publish","hentry"],"yoast_head":"<!-- This site is optimized with the Yoast SEO plugin v21.5 - https:\/\/yoast.com\/wordpress\/plugins\/seo\/ -->\n<title>Pol\u00edtica de Privacidad - VLC Host<\/title>\n<meta name=\"robots\" content=\"index, follow, max-snippet:-1, max-image-preview:large, max-video-preview:-1\" \/>\n<link rel=\"canonical\" href=\"https:\/\/vlchost.com\/en\/politica-de-privacidad\/\" \/>\n<meta property=\"og:locale\" content=\"en_US\" \/>\n<meta property=\"og:type\" content=\"article\" \/>\n<meta property=\"og:title\" content=\"Pol\u00edtica de Privacidad - VLC Host\" \/>\n<meta property=\"og:description\" content=\"Pol\u00edtica de Privacidad En AR 79 CAPITAL, S.L. nos preocupamos por la privacidad y la transparencia. A continuaci\u00f3n, le indicamos en detalle los tratamientos de datos personales que realizamos, as\u00ed como toda la informaci\u00f3n relativa a los mismos. Tratamiento de los datos de clientes Informaci\u00f3n b\u00e1sica sobre Protecci\u00f3n de datos Responsable: AR 79 CAPITAL, S.L. [&hellip;]\" \/>\n<meta property=\"og:url\" content=\"https:\/\/vlchost.com\/en\/politica-de-privacidad\/\" \/>\n<meta property=\"og:site_name\" content=\"VLC Host\" \/>\n<meta property=\"article:publisher\" content=\"https:\/\/www.facebook.com\/VLCHost.HappyToHostYou\" \/>\n<meta property=\"article:modified_time\" content=\"2023-12-04T09:32:37+00:00\" \/>\n<meta name=\"twitter:card\" content=\"summary_large_image\" \/>\n<meta name=\"twitter:label1\" content=\"Est. reading time\" \/>\n\t<meta name=\"twitter:data1\" content=\"4 minutes\" \/>\n<script type=\"application\/ld+json\" class=\"yoast-schema-graph\">{\"@context\":\"https:\/\/schema.org\",\"@graph\":[{\"@type\":\"WebPage\",\"@id\":\"https:\/\/vlchost.com\/politica-de-privacidad\/\",\"url\":\"https:\/\/vlchost.com\/politica-de-privacidad\/\",\"name\":\"Pol\u00edtica de Privacidad - VLC Host\",\"isPartOf\":{\"@id\":\"https:\/\/vlchost.com\/#website\"},\"datePublished\":\"2023-11-27T17:04:33+00:00\",\"dateModified\":\"2023-12-04T09:32:37+00:00\",\"breadcrumb\":{\"@id\":\"https:\/\/vlchost.com\/politica-de-privacidad\/#breadcrumb\"},\"inLanguage\":\"en-US\",\"potentialAction\":[{\"@type\":\"ReadAction\",\"target\":[\"https:\/\/vlchost.com\/politica-de-privacidad\/\"]}]},{\"@type\":\"BreadcrumbList\",\"@id\":\"https:\/\/vlchost.com\/politica-de-privacidad\/#breadcrumb\",\"itemListElement\":[{\"@type\":\"ListItem\",\"position\":1,\"name\":\"Portada\",\"item\":\"https:\/\/vlchost.com\/\"},{\"@type\":\"ListItem\",\"position\":2,\"name\":\"Pol\u00edtica de Privacidad\"}]},{\"@type\":\"WebSite\",\"@id\":\"https:\/\/vlchost.com\/#website\",\"url\":\"https:\/\/vlchost.com\/\",\"name\":\"VLC Host\",\"description\":\"Alquiler de alojamientos tur\u00edsticos\",\"publisher\":{\"@id\":\"https:\/\/vlchost.com\/#organization\"},\"potentialAction\":[{\"@type\":\"SearchAction\",\"target\":{\"@type\":\"EntryPoint\",\"urlTemplate\":\"https:\/\/vlchost.com\/?s={search_term_string}\"},\"query-input\":\"required name=search_term_string\"}],\"inLanguage\":\"en-US\"},{\"@type\":\"Organization\",\"@id\":\"https:\/\/vlchost.com\/#organization\",\"name\":\"VLC Host - Nomad Life\",\"url\":\"https:\/\/vlchost.com\/\",\"logo\":{\"@type\":\"ImageObject\",\"inLanguage\":\"en-US\",\"@id\":\"https:\/\/vlchost.com\/#\/schema\/logo\/image\/\",\"url\":\"https:\/\/vlchost.com\/wp-content\/uploads\/cropped-alquiler-apartamentos-VLCHOST.png\",\"contentUrl\":\"https:\/\/vlchost.com\/wp-content\/uploads\/cropped-alquiler-apartamentos-VLCHOST.png\",\"width\":512,\"height\":512,\"caption\":\"VLC Host - Nomad Life\"},\"image\":{\"@id\":\"https:\/\/vlchost.com\/#\/schema\/logo\/image\/\"},\"sameAs\":[\"https:\/\/www.facebook.com\/VLCHost.HappyToHostYou\",\"https:\/\/www.instagram.com\/vlchost\/\"]}]}<\/script>\n<!-- \/ Yoast SEO plugin. -->","yoast_head_json":{"title":"Pol\u00edtica de Privacidad - VLC Host","robots":{"index":"index","follow":"follow","max-snippet":"max-snippet:-1","max-image-preview":"max-image-preview:large","max-video-preview":"max-video-preview:-1"},"canonical":"https:\/\/vlchost.com\/en\/politica-de-privacidad\/","og_locale":"en_US","og_type":"article","og_title":"Pol\u00edtica de Privacidad - VLC Host","og_description":"Pol\u00edtica de Privacidad En AR 79 CAPITAL, S.L. nos preocupamos por la privacidad y la transparencia. A continuaci\u00f3n, le indicamos en detalle los tratamientos de datos personales que realizamos, as\u00ed como toda la informaci\u00f3n relativa a los mismos. Tratamiento de los datos de clientes Informaci\u00f3n b\u00e1sica sobre Protecci\u00f3n de datos Responsable: AR 79 CAPITAL, S.L. [&hellip;]","og_url":"https:\/\/vlchost.com\/en\/politica-de-privacidad\/","og_site_name":"VLC Host","article_publisher":"https:\/\/www.facebook.com\/VLCHost.HappyToHostYou","article_modified_time":"2023-12-04T09:32:37+00:00","twitter_card":"summary_large_image","twitter_misc":{"Est. reading time":"4 minutes"},"schema":{"@context":"https:\/\/schema.org","@graph":[{"@type":"WebPage","@id":"https:\/\/vlchost.com\/politica-de-privacidad\/","url":"https:\/\/vlchost.com\/politica-de-privacidad\/","name":"Pol\u00edtica de Privacidad - VLC Host","isPartOf":{"@id":"https:\/\/vlchost.com\/#website"},"datePublished":"2023-11-27T17:04:33+00:00","dateModified":"2023-12-04T09:32:37+00:00","breadcrumb":{"@id":"https:\/\/vlchost.com\/politica-de-privacidad\/#breadcrumb"},"inLanguage":"en-US","potentialAction":[{"@type":"ReadAction","target":["https:\/\/vlchost.com\/politica-de-privacidad\/"]}]},{"@type":"BreadcrumbList","@id":"https:\/\/vlchost.com\/politica-de-privacidad\/#breadcrumb","itemListElement":[{"@type":"ListItem","position":1,"name":"Portada","item":"https:\/\/vlchost.com\/"},{"@type":"ListItem","position":2,"name":"Pol\u00edtica de Privacidad"}]},{"@type":"WebSite","@id":"https:\/\/vlchost.com\/#website","url":"https:\/\/vlchost.com\/","name":"VLC Host","description":"Alquiler de alojamientos tur\u00edsticos","publisher":{"@id":"https:\/\/vlchost.com\/#organization"},"potentialAction":[{"@type":"SearchAction","target":{"@type":"EntryPoint","urlTemplate":"https:\/\/vlchost.com\/?s={search_term_string}"},"query-input":"required name=search_term_string"}],"inLanguage":"en-US"},{"@type":"Organization","@id":"https:\/\/vlchost.com\/#organization","name":"VLC Host - Nomad Life","url":"https:\/\/vlchost.com\/","logo":{"@type":"ImageObject","inLanguage":"en-US","@id":"https:\/\/vlchost.com\/#\/schema\/logo\/image\/","url":"https:\/\/vlchost.com\/wp-content\/uploads\/cropped-alquiler-apartamentos-VLCHOST.png","contentUrl":"https:\/\/vlchost.com\/wp-content\/uploads\/cropped-alquiler-apartamentos-VLCHOST.png","width":512,"height":512,"caption":"VLC Host - Nomad Life"},"image":{"@id":"https:\/\/vlchost.com\/#\/schema\/logo\/image\/"},"sameAs":["https:\/\/www.facebook.com\/VLCHost.HappyToHostYou","https:\/\/www.instagram.com\/vlchost\/"]}]}},"_links":{"self":[{"href":"https:\/\/vlchost.com\/en\/wp-json\/wp\/v2\/pages\/6184","targetHints":{"allow":["GET"]}}],"collection":[{"href":"https:\/\/vlchost.com\/en\/wp-json\/wp\/v2\/pages"}],"about":[{"href":"https:\/\/vlchost.com\/en\/wp-json\/wp\/v2\/types\/page"}],"author":[{"embeddable":true,"href":"https:\/\/vlchost.com\/en\/wp-json\/wp\/v2\/users\/4"}],"replies":[{"embeddable":true,"href":"https:\/\/vlchost.com\/en\/wp-json\/wp\/v2\/comments?post=6184"}],"version-history":[{"count":10,"href":"https:\/\/vlchost.com\/en\/wp-json\/wp\/v2\/pages\/6184\/revisions"}],"predecessor-version":[{"id":6241,"href":"https:\/\/vlchost.com\/en\/wp-json\/wp\/v2\/pages\/6184\/revisions\/6241"}],"wp:attachment":[{"href":"https:\/\/vlchost.com\/en\/wp-json\/wp\/v2\/media?parent=6184"}],"curies":[{"name":"wp","href":"https:\/\/api.w.org\/{rel}","templated":true}]}}