{"id":6186,"date":"2023-11-27T18:05:09","date_gmt":"2023-11-27T17:05:09","guid":{"rendered":"https:\/\/vlchost.com\/?page_id=6186"},"modified":"2023-12-04T10:37:23","modified_gmt":"2023-12-04T09:37:23","slug":"terminos-y-condiciones","status":"publish","type":"page","link":"https:\/\/vlchost.com\/en\/terminos-y-condiciones\/","title":{"rendered":"T\u00c9RMINOS Y CONDICIONES"},"content":{"rendered":"<div data-elementor-type=\"wp-page\" data-elementor-id=\"6186\" class=\"elementor elementor-6186\" data-elementor-post-type=\"page\">\n\t\t\t\t<div class=\"elementor-element elementor-element-7c34563 e-flex e-con-boxed e-con e-parent\" data-id=\"7c34563\" data-element_type=\"container\" data-settings=\"{&quot;container_type&quot;:&quot;flex&quot;,&quot;content_width&quot;:&quot;boxed&quot;}\" data-core-v316-plus=\"true\">\n\t\t\t\t\t<div class=\"e-con-inner\">\n\t\t\t\t<div class=\"elementor-element elementor-element-ddb68fe elementor-widget elementor-widget-heading\" data-id=\"ddb68fe\" data-element_type=\"widget\" data-widget_type=\"heading.default\">\n\t\t\t\t<div class=\"elementor-widget-container\">\n\t\t\t<style>\/*! elementor - v3.19.0 - 28-02-2024 *\/\n.elementor-heading-title{padding:0;margin:0;line-height:1}.elementor-widget-heading .elementor-heading-title[class*=elementor-size-]>a{color:inherit;font-size:inherit;line-height:inherit}.elementor-widget-heading .elementor-heading-title.elementor-size-small{font-size:15px}.elementor-widget-heading .elementor-heading-title.elementor-size-medium{font-size:19px}.elementor-widget-heading .elementor-heading-title.elementor-size-large{font-size:29px}.elementor-widget-heading .elementor-heading-title.elementor-size-xl{font-size:39px}.elementor-widget-heading .elementor-heading-title.elementor-size-xxl{font-size:59px}<\/style><h1 class=\"elementor-heading-title elementor-size-default\">T\u00e9rminos y condiciones<\/h1>\t\t<\/div>\n\t\t\t\t<\/div>\n\t\t\t\t<div class=\"elementor-element elementor-element-7a35a9e elementor-widget elementor-widget-text-editor\" data-id=\"7a35a9e\" data-element_type=\"widget\" data-widget_type=\"text-editor.default\">\n\t\t\t\t<div class=\"elementor-widget-container\">\n\t\t\t<style>\/*! elementor - v3.19.0 - 28-02-2024 *\/\n.elementor-widget-text-editor.elementor-drop-cap-view-stacked .elementor-drop-cap{background-color:#69727d;color:#fff}.elementor-widget-text-editor.elementor-drop-cap-view-framed .elementor-drop-cap{color:#69727d;border:3px solid;background-color:transparent}.elementor-widget-text-editor:not(.elementor-drop-cap-view-default) .elementor-drop-cap{margin-top:8px}.elementor-widget-text-editor:not(.elementor-drop-cap-view-default) .elementor-drop-cap-letter{width:1em;height:1em}.elementor-widget-text-editor .elementor-drop-cap{float:left;text-align:center;line-height:1;font-size:50px}.elementor-widget-text-editor .elementor-drop-cap-letter{display:inline-block}<\/style>\t\t\t\t    <h3>1. Alquiler Corta Estancia (menor a 30 d\u00edas)<\/h3>\n    <p>Cl\u00e1usula de Cancelaci\u00f3n: El cliente podr\u00e1 cancelar su reserva de forma gratuita con una antelaci\u00f3n m\u00ednima de 15 d\u00edas previos al d\u00eda de entrada. En caso de que su reserva venga a trav\u00e9s de un canal de venta (Booking.com, Airbnb, Expedia, entre otros.), la pol\u00edtica de cancelaci\u00f3n ser\u00e1 la seleccionada a trav\u00e9s del canal correspondiente.<\/p>\n    <p>El cliente acepta los t\u00e9rminos y condiciones del siguiente:<\/p>\n    <ul>\n        <li>Estos t\u00e9rminos son aplicables a todos los contratos realizados por AR79 Capital S.L., &#8220;VLC&#8221;, y Cliente, &#8220;El Cliente&#8221;; se extienden a todas las reservas, productos o condiciones del alojamiento. Con la confirmaci\u00f3n de la reserva el (Cliente) acepta los siguientes t\u00e9rminos.<\/li>\n        <li>El Cliente acepta pagar la renta y todos los cargos relacionados con la reserva del apartamento, adem\u00e1s el Cliente acepta pagar aquellas rentas no depositadas con antelaci\u00f3n a la entrada, cargos adicionales por uso de productos extra y a cubrir los da\u00f1os provocados por el mal uso de los apartamentos.*<\/li>\n        <li>Cualquier reserva que se haga bajo alguna promoci\u00f3n o usando un c\u00f3digo promocional estar\u00e1 sujeta al cargo del 100% de la reserva en el caso de que se cancelara.*<\/li>\n        <!-- Additional points go here -->\n    <\/ul>\n\n    <h3>2. Alquiler media estancia (menos de 12 meses)<\/h3>\n    <ul>\n        <li>El cliente acepta las cl\u00e1usulas del contrato que firmar\u00e1 antes de entrar en los apartamentos, adjuntamos modelo de contrato de media estancia entre cliente y AR79 Capital S.L.<\/li>\n        <li>La firma del cliente podr\u00e1 ser presencial o electr\u00f3nica teniendo como v\u00e1lido el contrato firmado hecho llegar por email del cliente qui\u00e9n firma.<\/li>\n        <li>Adem\u00e1s, de las cl\u00e1usulas aceptadas por el cliente a la firma del contrato el cliente autoriza a AR79 Capital S.L. a la tenencia de su tarjeta de cr\u00e9dito o d\u00e9bito como garant\u00eda excepcional por si el cliente causara grave perjuicio en el apartamento que no pudiera ser cubierto por la fianza. El cliente autoriza a AR79 Capital S.L. a hacer un cargo debidamente justificado mediante facturas oportunas de hasta DOSCIENTOS EUROS (200 \u20ac).<\/li>\n    <\/ul>\n\n    <h3>Informaci\u00f3n B\u00e1sica de Protecci\u00f3n de Datos<\/h3>\n    <ul>\n        <li><strong>Responsable:<\/strong> AR 79 CAPITAL, S.L.<\/li>\n        <li><strong>Finalidad:<\/strong> Prestar los servicios solicitados y enviar comunicaciones comerciales.<\/li>\n        <li><strong>Legitimaci\u00f3n:<\/strong> Ejecuci\u00f3n de un contrato, inter\u00e9s leg\u00edtimo del Responsable.<\/li>\n        <li><strong>Destinatarios:<\/strong> Cesiones de datos a: Asesor jur\u00eddico, Asesor\u00eda fiscal y contable, Entidades financieras.<\/li>\n        <li><strong>Derechos:<\/strong> Tiene derecho a acceder, rectificar y suprimir los datos, as\u00ed como otros derechos, indicados en la informaci\u00f3n adicional, que puede ejercer dirigi\u00e9ndose a reservas@vlcinvest.com o C\/ NATURALISTA RAFAEL CISTERNAS 4 DESPACHO 208 \u2013 46010 \u2013 VALENCIA.<\/li>\n        <li><strong>Procedencia:<\/strong> El propio interesado.<\/li>\n    <\/ul>\n    <p><strong>Informaci\u00f3n adicional:<\/strong> <a href=\"\/en\/www.vlcinvest.com\/politica-de-privacidad\/\">www.vlcinvest.com\/politica-de-privacidad\/<\/a><\/p>\t\t\t\t\t\t<\/div>\n\t\t\t\t<\/div>\n\t\t\t\t\t<\/div>\n\t\t\t\t<\/div>\n\t\t\t\t<\/div>","protected":false},"excerpt":{"rendered":"<p>T\u00e9rminos y condiciones 1. Alquiler Corta Estancia (menor a 30 d\u00edas) Cl\u00e1usula de Cancelaci\u00f3n: El cliente podr\u00e1 cancelar su reserva de forma gratuita con una antelaci\u00f3n m\u00ednima de 15 d\u00edas previos al d\u00eda de entrada. En caso de que su reserva venga a trav\u00e9s de un canal de venta (Booking.com, Airbnb, Expedia, entre otros.), la [&hellip;]<\/p>","protected":false},"author":4,"featured_media":0,"parent":0,"menu_order":0,"comment_status":"closed","ping_status":"closed","template":"","meta":{"footnotes":""},"class_list":["post-6186","page","type-page","status-publish","hentry"],"yoast_head":"<!-- This site is optimized with the Yoast SEO plugin v21.5 - https:\/\/yoast.com\/wordpress\/plugins\/seo\/ -->\n<title>T\u00c9RMINOS Y CONDICIONES - VLC Host<\/title>\n<meta name=\"robots\" content=\"index, follow, max-snippet:-1, max-image-preview:large, max-video-preview:-1\" \/>\n<link rel=\"canonical\" href=\"https:\/\/vlchost.com\/en\/terminos-y-condiciones\/\" \/>\n<meta property=\"og:locale\" content=\"en_US\" \/>\n<meta property=\"og:type\" content=\"article\" \/>\n<meta property=\"og:title\" content=\"T\u00c9RMINOS Y CONDICIONES - VLC Host\" \/>\n<meta property=\"og:description\" content=\"T\u00e9rminos y condiciones 1. Alquiler Corta Estancia (menor a 30 d\u00edas) Cl\u00e1usula de Cancelaci\u00f3n: El cliente podr\u00e1 cancelar su reserva de forma gratuita con una antelaci\u00f3n m\u00ednima de 15 d\u00edas previos al d\u00eda de entrada. En caso de que su reserva venga a trav\u00e9s de un canal de venta (Booking.com, Airbnb, Expedia, entre otros.), la [&hellip;]\" \/>\n<meta property=\"og:url\" content=\"https:\/\/vlchost.com\/en\/terminos-y-condiciones\/\" \/>\n<meta property=\"og:site_name\" content=\"VLC Host\" \/>\n<meta property=\"article:publisher\" content=\"https:\/\/www.facebook.com\/VLCHost.HappyToHostYou\" \/>\n<meta property=\"article:modified_time\" content=\"2023-12-04T09:37:23+00:00\" \/>\n<meta name=\"twitter:card\" content=\"summary_large_image\" \/>\n<meta name=\"twitter:label1\" content=\"Est. reading time\" \/>\n\t<meta name=\"twitter:data1\" content=\"2 minutes\" \/>\n<script type=\"application\/ld+json\" class=\"yoast-schema-graph\">{\"@context\":\"https:\/\/schema.org\",\"@graph\":[{\"@type\":\"WebPage\",\"@id\":\"https:\/\/vlchost.com\/terminos-y-condiciones\/\",\"url\":\"https:\/\/vlchost.com\/terminos-y-condiciones\/\",\"name\":\"T\u00c9RMINOS Y CONDICIONES - VLC Host\",\"isPartOf\":{\"@id\":\"https:\/\/vlchost.com\/#website\"},\"datePublished\":\"2023-11-27T17:05:09+00:00\",\"dateModified\":\"2023-12-04T09:37:23+00:00\",\"breadcrumb\":{\"@id\":\"https:\/\/vlchost.com\/terminos-y-condiciones\/#breadcrumb\"},\"inLanguage\":\"en-US\",\"potentialAction\":[{\"@type\":\"ReadAction\",\"target\":[\"https:\/\/vlchost.com\/terminos-y-condiciones\/\"]}]},{\"@type\":\"BreadcrumbList\",\"@id\":\"https:\/\/vlchost.com\/terminos-y-condiciones\/#breadcrumb\",\"itemListElement\":[{\"@type\":\"ListItem\",\"position\":1,\"name\":\"Portada\",\"item\":\"https:\/\/vlchost.com\/\"},{\"@type\":\"ListItem\",\"position\":2,\"name\":\"T\u00c9RMINOS Y CONDICIONES\"}]},{\"@type\":\"WebSite\",\"@id\":\"https:\/\/vlchost.com\/#website\",\"url\":\"https:\/\/vlchost.com\/\",\"name\":\"VLC Host\",\"description\":\"Alquiler de alojamientos tur\u00edsticos\",\"publisher\":{\"@id\":\"https:\/\/vlchost.com\/#organization\"},\"potentialAction\":[{\"@type\":\"SearchAction\",\"target\":{\"@type\":\"EntryPoint\",\"urlTemplate\":\"https:\/\/vlchost.com\/?s={search_term_string}\"},\"query-input\":\"required name=search_term_string\"}],\"inLanguage\":\"en-US\"},{\"@type\":\"Organization\",\"@id\":\"https:\/\/vlchost.com\/#organization\",\"name\":\"VLC Host - Nomad Life\",\"url\":\"https:\/\/vlchost.com\/\",\"logo\":{\"@type\":\"ImageObject\",\"inLanguage\":\"en-US\",\"@id\":\"https:\/\/vlchost.com\/#\/schema\/logo\/image\/\",\"url\":\"https:\/\/vlchost.com\/wp-content\/uploads\/cropped-alquiler-apartamentos-VLCHOST.png\",\"contentUrl\":\"https:\/\/vlchost.com\/wp-content\/uploads\/cropped-alquiler-apartamentos-VLCHOST.png\",\"width\":512,\"height\":512,\"caption\":\"VLC Host - Nomad Life\"},\"image\":{\"@id\":\"https:\/\/vlchost.com\/#\/schema\/logo\/image\/\"},\"sameAs\":[\"https:\/\/www.facebook.com\/VLCHost.HappyToHostYou\",\"https:\/\/www.instagram.com\/vlchost\/\"]}]}<\/script>\n<!-- \/ Yoast SEO plugin. -->","yoast_head_json":{"title":"T\u00c9RMINOS Y CONDICIONES - VLC Host","robots":{"index":"index","follow":"follow","max-snippet":"max-snippet:-1","max-image-preview":"max-image-preview:large","max-video-preview":"max-video-preview:-1"},"canonical":"https:\/\/vlchost.com\/en\/terminos-y-condiciones\/","og_locale":"en_US","og_type":"article","og_title":"T\u00c9RMINOS Y CONDICIONES - VLC Host","og_description":"T\u00e9rminos y condiciones 1. Alquiler Corta Estancia (menor a 30 d\u00edas) Cl\u00e1usula de Cancelaci\u00f3n: El cliente podr\u00e1 cancelar su reserva de forma gratuita con una antelaci\u00f3n m\u00ednima de 15 d\u00edas previos al d\u00eda de entrada. En caso de que su reserva venga a trav\u00e9s de un canal de venta (Booking.com, Airbnb, Expedia, entre otros.), la [&hellip;]","og_url":"https:\/\/vlchost.com\/en\/terminos-y-condiciones\/","og_site_name":"VLC Host","article_publisher":"https:\/\/www.facebook.com\/VLCHost.HappyToHostYou","article_modified_time":"2023-12-04T09:37:23+00:00","twitter_card":"summary_large_image","twitter_misc":{"Est. reading time":"2 minutes"},"schema":{"@context":"https:\/\/schema.org","@graph":[{"@type":"WebPage","@id":"https:\/\/vlchost.com\/terminos-y-condiciones\/","url":"https:\/\/vlchost.com\/terminos-y-condiciones\/","name":"T\u00c9RMINOS Y CONDICIONES - VLC Host","isPartOf":{"@id":"https:\/\/vlchost.com\/#website"},"datePublished":"2023-11-27T17:05:09+00:00","dateModified":"2023-12-04T09:37:23+00:00","breadcrumb":{"@id":"https:\/\/vlchost.com\/terminos-y-condiciones\/#breadcrumb"},"inLanguage":"en-US","potentialAction":[{"@type":"ReadAction","target":["https:\/\/vlchost.com\/terminos-y-condiciones\/"]}]},{"@type":"BreadcrumbList","@id":"https:\/\/vlchost.com\/terminos-y-condiciones\/#breadcrumb","itemListElement":[{"@type":"ListItem","position":1,"name":"Portada","item":"https:\/\/vlchost.com\/"},{"@type":"ListItem","position":2,"name":"T\u00c9RMINOS Y CONDICIONES"}]},{"@type":"WebSite","@id":"https:\/\/vlchost.com\/#website","url":"https:\/\/vlchost.com\/","name":"VLC Host","description":"Alquiler de alojamientos tur\u00edsticos","publisher":{"@id":"https:\/\/vlchost.com\/#organization"},"potentialAction":[{"@type":"SearchAction","target":{"@type":"EntryPoint","urlTemplate":"https:\/\/vlchost.com\/?s={search_term_string}"},"query-input":"required name=search_term_string"}],"inLanguage":"en-US"},{"@type":"Organization","@id":"https:\/\/vlchost.com\/#organization","name":"VLC Host - Nomad Life","url":"https:\/\/vlchost.com\/","logo":{"@type":"ImageObject","inLanguage":"en-US","@id":"https:\/\/vlchost.com\/#\/schema\/logo\/image\/","url":"https:\/\/vlchost.com\/wp-content\/uploads\/cropped-alquiler-apartamentos-VLCHOST.png","contentUrl":"https:\/\/vlchost.com\/wp-content\/uploads\/cropped-alquiler-apartamentos-VLCHOST.png","width":512,"height":512,"caption":"VLC Host - Nomad Life"},"image":{"@id":"https:\/\/vlchost.com\/#\/schema\/logo\/image\/"},"sameAs":["https:\/\/www.facebook.com\/VLCHost.HappyToHostYou","https:\/\/www.instagram.com\/vlchost\/"]}]}},"_links":{"self":[{"href":"https:\/\/vlchost.com\/en\/wp-json\/wp\/v2\/pages\/6186","targetHints":{"allow":["GET"]}}],"collection":[{"href":"https:\/\/vlchost.com\/en\/wp-json\/wp\/v2\/pages"}],"about":[{"href":"https:\/\/vlchost.com\/en\/wp-json\/wp\/v2\/types\/page"}],"author":[{"embeddable":true,"href":"https:\/\/vlchost.com\/en\/wp-json\/wp\/v2\/users\/4"}],"replies":[{"embeddable":true,"href":"https:\/\/vlchost.com\/en\/wp-json\/wp\/v2\/comments?post=6186"}],"version-history":[{"count":10,"href":"https:\/\/vlchost.com\/en\/wp-json\/wp\/v2\/pages\/6186\/revisions"}],"predecessor-version":[{"id":6245,"href":"https:\/\/vlchost.com\/en\/wp-json\/wp\/v2\/pages\/6186\/revisions\/6245"}],"wp:attachment":[{"href":"https:\/\/vlchost.com\/en\/wp-json\/wp\/v2\/media?parent=6186"}],"curies":[{"name":"wp","href":"https:\/\/api.w.org\/{rel}","templated":true}]}}